{"id":3,"date":"2026-03-22T08:47:30","date_gmt":"2026-03-22T08:47:30","guid":{"rendered":"https:\/\/mandelburger.ch\/wp\/?page_id=3"},"modified":"2026-03-23T10:12:05","modified_gmt":"2026-03-23T10:12:05","slug":"datenschutz","status":"publish","type":"page","link":"https:\/\/mandelburger.ch\/?page_id=3","title":{"rendered":"Datenschutz"},"content":{"rendered":"<h4>1. Allgemeines<\/h4>\n<p>Der Schutz Ihrer pers\u00f6nlichen Daten ist uns wichtig. Wir behandeln Ihre personenbezogenen Daten vertraulich und entsprechend den gesetzlichen Datenschutzvorschriften der Schweiz (DSG).<\/p>\n<h4>2. Erhebung und Verarbeitung von Daten<\/h4>\n<p>Beim Besuch dieser Website werden automatisch technische Daten erfasst, z. B.:<br \/>\n\u2022 IP-Adresse<br \/>\n\u2022 Datum und Uhrzeit des Zugriffs<br \/>\n\u2022 verwendeter Browser und Betriebssystem<br \/>\n\u2022 aufgerufene Seiten<br \/>\nDiese Daten dienen ausschliesslich zur Sicherstellung eines st\u00f6rungsfreien Betriebs der Website und werden nicht bestimmten Personen zugeordnet.<\/p>\n<h4>3. Cookies<\/h4>\n<p>Diese Website kann Cookies verwenden. Cookies sind kleine Textdateien, die auf Ihrem Ger\u00e4t gespeichert werden. Sie k\u00f6nnen Ihren Browser so einstellen, dass Sie \u00fcber das Setzen von Cookies informiert werden oder Cookies ganz deaktivieren. Bitte beachten Sie, dass dadurch einzelne Funktionen der Website eingeschr\u00e4nkt sein k\u00f6nnen.<\/p>\n<h4>4. Hosting<\/h4>\n<p>Diese Website wird bei einem externen Dienstleister (Hosting-Anbieter) betrieben. Dabei k\u00f6nnen personenbezogene Daten auf den Servern des Hosting-Anbieters gespeichert werden (z. B. IP-Adressen in Logfiles).<\/p>\n<h4>5. Weitergabe von Daten<\/h4>\n<p>Es erfolgt keine Weitergabe Ihrer personenbezogenen Daten an Dritte, ausser wenn dies gesetzlich erforderlich ist.<\/p>\n<h4>6. \u00c4nderungen<\/h4>\n<p>Wir behalten uns vor, diese Datenschutzerkl\u00e4rung jederzeit anzupassen.<\/p>\n","protected":false},"excerpt":{"rendered":"<p>1. Allgemeines Der Schutz Ihrer pers\u00f6nlichen Daten ist uns wichtig. Wir behandeln Ihre personenbezogenen Daten vertraulich und entsprechend den gesetzlichen Datenschutzvorschriften der [&hellip;]<\/p>\n","protected":false},"author":1,"featured_media":0,"parent":0,"menu_order":0,"comment_status":"closed","ping_status":"closed","template":"","meta":{"footnotes":""},"class_list":["post-3","page","type-page","status-publish","hentry"],"_links":{"self":[{"href":"https:\/\/mandelburger.ch\/index.php?rest_route=\/wp\/v2\/pages\/3","targetHints":{"allow":["GET"]}}],"collection":[{"href":"https:\/\/mandelburger.ch\/index.php?rest_route=\/wp\/v2\/pages"}],"about":[{"href":"https:\/\/mandelburger.ch\/index.php?rest_route=\/wp\/v2\/types\/page"}],"author":[{"embeddable":true,"href":"https:\/\/mandelburger.ch\/index.php?rest_route=\/wp\/v2\/users\/1"}],"replies":[{"embeddable":true,"href":"https:\/\/mandelburger.ch\/index.php?rest_route=%2Fwp%2Fv2%2Fcomments&post=3"}],"version-history":[{"count":6,"href":"https:\/\/mandelburger.ch\/index.php?rest_route=\/wp\/v2\/pages\/3\/revisions"}],"predecessor-version":[{"id":169,"href":"https:\/\/mandelburger.ch\/index.php?rest_route=\/wp\/v2\/pages\/3\/revisions\/169"}],"wp:attachment":[{"href":"https:\/\/mandelburger.ch\/index.php?rest_route=%2Fwp%2Fv2%2Fmedia&parent=3"}],"curies":[{"name":"wp","href":"https:\/\/api.w.org\/{rel}","templated":true}]}}